 {"id":1246,"date":"2020-05-26T10:05:09","date_gmt":"2020-05-26T08:05:09","guid":{"rendered":"https:\/\/www.pevasa.es\/contacto\/"},"modified":"2021-07-19T13:19:09","modified_gmt":"2021-07-19T11:19:09","slug":"contact","status":"publish","type":"page","link":"https:\/\/www.pevasa.es\/en\/contact\/","title":{"rendered":"Contact"},"content":{"rendered":"<section class=\"module-sm\">\n<div class=\"container\">\n<div class=\"row\">\n<div class=\"col-md-6 text-center form-contacto-wrapper\">\n<div class=\"wpcf7 no-js\" id=\"wpcf7-f5-o1\" lang=\"es-ES\" dir=\"ltr\" data-wpcf7-id=\"5\">\n<div class=\"screen-reader-response\">\n<p role=\"status\" aria-live=\"polite\" aria-atomic=\"true\">\n<ul><\/ul>\n<\/div>\n<form action=\"\/en\/wp-json\/wp\/v2\/pages\/1246#wpcf7-f5-o1\" method=\"post\" class=\"wpcf7-form init\" aria-label=\"Formulario de contacto\" novalidate=\"novalidate\" data-status=\"init\">\n<fieldset class=\"hidden-fields-container\"><input type=\"hidden\" name=\"_wpcf7\" value=\"5\"><input type=\"hidden\" name=\"_wpcf7_version\" value=\"6.1.5\"><input type=\"hidden\" name=\"_wpcf7_locale\" value=\"es_ES\"><input type=\"hidden\" name=\"_wpcf7_unit_tag\" value=\"wpcf7-f5-o1\"><input type=\"hidden\" name=\"_wpcf7_container_post\" value=\"0\"><input type=\"hidden\" name=\"_wpcf7_posted_data_hash\" value=\"\"><input type=\"hidden\" name=\"_wpcf7_recaptcha_response\" value=\"\"><br \/>\n<\/fieldset>\n<article class=\"cb-cf7-field field-underline\">\n<div class=\"cb-cf7-field__inner\">\n<p><span class=\"wpcf7-form-control-wrap\" data-name=\"contacto-nombre\"><input size=\"40\" maxlength=\"400\" class=\"wpcf7-form-control wpcf7-text wpcf7-validates-as-required\" aria-required=\"true\" aria-invalid=\"false\" placeholder=\"Nombre\" value=\"\" type=\"text\" name=\"contacto-nombre\"><\/span>\n\t\t<\/p>\n<\/p><\/div>\n<\/article>\n<article class=\"cb-cf7-field field-underline\">\n<div class=\"cb-cf7-field__inner\">\n<p><span class=\"wpcf7-form-control-wrap\" data-name=\"contacto-email\"><input size=\"40\" maxlength=\"400\" class=\"wpcf7-form-control wpcf7-email wpcf7-validates-as-required wpcf7-text wpcf7-validates-as-email\" aria-required=\"true\" aria-invalid=\"false\" placeholder=\"Email\" value=\"\" type=\"email\" name=\"contacto-email\"><\/span>\n\t\t<\/p>\n<\/p><\/div>\n<\/article>\n<article class=\"cb-cf7-field field-underline\">\n<div class=\"cb-cf7-field__inner\">\n<p><span class=\"wpcf7-form-control-wrap\" data-name=\"contacto-mensaje\"><textarea cols=\"40\" rows=\"10\" maxlength=\"2000\" class=\"wpcf7-form-control wpcf7-textarea wpcf7-validates-as-required\" aria-required=\"true\" aria-invalid=\"false\" placeholder=\"Mensaje\" name=\"contacto-mensaje\"><\/textarea><\/span>\n\t\t<\/p>\n<\/p><\/div>\n<\/article>\n<article class=\"cb-cf7-field text-left\">\n<p><label for=\"field-politica-privacidad\" class=\"custom-checkbox\"><span class=\"wpcf7-form-control-wrap\" data-name=\"politica-privacidad\"><span class=\"wpcf7-form-control wpcf7-acceptance\"><span class=\"wpcf7-list-item\"><input type=\"checkbox\" name=\"politica-privacidad\" value=\"1\" class=\"check-politica custom-checkbox-cf\" id=\"field-politica-privacidad\" aria-invalid=\"false\"><\/span><\/span><\/span><span class=\"only-es\">He le\u00eddo y acepto la Pol\u00edtica de Privacidad<\/span><span class=\"only-en\">I accept Privacy Policy<\/span>*<\/label>\n\t<\/p>\n<section class=\"form-legal\">\n<div class=\"only-es\">\n<p>* De conformidad con la normativa vigente y aplicable en protecci\u00f3n de datos de car\u00e1cter personal, le informamos que sus datos ser\u00e1n incorporados al sistema de tratamiento titularidad de PESQUERIA VASCO MONTA\u00d1ESA SA con CIF A48031686 y domicilio social sito en POLIGONO LANDABASO S\/N 48370, BERMEO (BIZKAIA), y que a continuaci\u00f3n se relacionan sus respectivas finalidades, plazos de conservaci\u00f3n y bases legitimadoras. Para aquellos tratamientos que lo requieran, se informa tambi\u00e9n de la posible elaboraci\u00f3n de perfiles y decisiones automatizadas, as\u00ed como las posibles cesiones y las transferencias internacionales que PESQUERIA VASCO MONTA\u00d1ESA SA tiene previsto realizar: - Finalidad: Atender sus consultas y\/o solicitudes e instalaci\u00f3n de cookies - Plazo de conservaci\u00f3n: mientras se mantenga el consentimiento prestado. - Base leg\u00edtima: El consentimiento del interesado. De acuerdo con los derechos que le confiere la normativa vigente y aplicable en protecci\u00f3n de datos podr\u00e1 ejercer los derechos de acceso, rectificaci\u00f3n, limitaci\u00f3n de tratamiento, supresi\u00f3n (\u201cderecho al olvido\u201d), portabilidad y oposici\u00f3n al tratamiento de sus datos de car\u00e1cter personal as\u00ed como la revocaci\u00f3n del consentimiento prestado para el tratamiento de los mismos, dirigiendo su petici\u00f3n a la direcci\u00f3n postal POLIGONO LANDABASO S\/N 48370, BERMEO (BIZKAIA) o al correo electr\u00f3nico rrhh@pevasa.es. Podr\u00e1 dirigirse a la Autoridad de Control competente para presentar la reclamaci\u00f3n que considere oportuna.\n\t\t\t<\/p>\n<\/p><\/div>\n<div class=\"only-en\">\n<p>* In accordance with current and applicable legislation on the protection of personal data, we inform you that your data will be incorporated into the processing system owned by PESQUERIA VASCO MONTA\u00d1ESA SA with tax identification code A48031686 and registered office at POLIGONO LANDABASO S\/N 48370, BERMEO (BIZKAIA). The respective purposes, storage periods and legitimate bases are listed below. For those processing operations that require it, you are also informed of the possible creation of profiles and automated decisions, as well as the possible assignments and international transfers that PESQUERIA VASCO MONTA\u00d1ESA SA plans to carry out: - Purpose: To attend to your queries and\/or requests and installation of cookies. - Retention period: For as long as the consent given is maintained. - Legitimate basis: The consent of the interested party. In accordance with the rights conferred on you by current and applicable data protection legislation, you may exercise your rights of access, rectification, limitation of processing, deletion (\"right to be forgotten\"), portability and opposition to the processing of your personal data, as well as the revocation of the consent given for the processing thereof, by sending your request to the postal address POLIGONO LANDABASO S\/N 48370, BERMEO (BIZKAIA) or to the e-mail address rrhh@pevasa.es. You may contact the competent Control Authority to submit any complaint you consider.\n\t\t\t<\/p>\n<\/p><\/div>\n<\/section>\n<\/article>\n<article class=\"cb-cf7-field field-submit\">\n<div class=\"field-submit__inner\">\n<p><input class=\"wpcf7-form-control wpcf7-submit btn-submit-cf7\" type=\"submit\" value=\"Send\">\n\t\t<\/p>\n<\/p><\/div>\n<\/article>\n<div class=\"wpcf7-response-output\" aria-hidden=\"true\"><\/div>\n<\/form>\n<\/div><\/div>\n<div class=\"col-md-6 text-center\">\n<div class=\"owl-carousel owl-theme\" data-center=\"true\" data-auto-width=\"true\" data-margin=\"10\" data-loop=\"false\" data-nav=\"false\">\n<div class=\"clasecualquiera\">\n         <a class=\"product-gallery\" href=\"https:\/\/www.pevasa.es\/assets\/media\/0002.jpg\"><img style=\"height : 300px; width : auto;\" alt=\"\" data-src=\"https:\/\/www.pevasa.es\/assets\/media\/0002.jpg\" class=\" lazyload\"><\/a>\n     <\/div>\n<div class=\"clasecualquiera\">\n         <a class=\"product-gallery\" href=\"https:\/\/www.pevasa.es\/assets\/media\/0004.jpg\"><img style=\"height : 300px; width : auto;\" alt=\"\" data-src=\"https:\/\/www.pevasa.es\/assets\/media\/0004.jpg\" class=\" lazyload\"><\/a>\n     <\/div>\n<div class=\"clasecualquiera\">\n         <a class=\"product-gallery\" href=\"https:\/\/www.pevasa.es\/assets\/media\/0005.jpg\"><img style=\"height : 300px; width : auto;\" alt=\"\" data-src=\"https:\/\/www.pevasa.es\/assets\/media\/0005.jpg\" class=\" lazyload\"><\/a>\n     <\/div>\n<div class=\"clasecualquiera\">\n         <a class=\"product-gallery\" href=\"https:\/\/www.pevasa.es\/assets\/media\/0006.jpg\"><img style=\"height : 300px; width : auto;\" alt=\"\" data-src=\"https:\/\/www.pevasa.es\/assets\/media\/0006.jpg\" class=\" lazyload\"><\/a>\n     <\/div>\n<div class=\"clasecualquiera\">\n         <a class=\"product-gallery\" href=\"https:\/\/www.pevasa.es\/assets\/media\/0007.jpg\"><img style=\"height : 300px; width : auto;\" alt=\"\" data-src=\"https:\/\/www.pevasa.es\/assets\/media\/0007.jpg\" class=\" lazyload\"><\/a>\n     <\/div>\n<div class=\"clasecualquiera\">\n         <a class=\"product-gallery\" href=\"https:\/\/www.pevasa.es\/assets\/media\/0008.jpg\"><img style=\"height : 300px; width : auto;\" alt=\"\" data-src=\"https:\/\/www.pevasa.es\/assets\/media\/0008.jpg\" class=\" lazyload\"><\/a>\n     <\/div>\n<div class=\"clasecualquiera\">\n         <a class=\"product-gallery\" href=\"https:\/\/www.pevasa.es\/assets\/media\/0009.jpg\"><img style=\"height : 300px; width : auto;\" alt=\"\" data-src=\"https:\/\/www.pevasa.es\/assets\/media\/0009.jpg\" class=\" lazyload\"><\/a>\n     <\/div>\n<div class=\"clasecualquiera\">\n         <a class=\"product-gallery\" href=\"https:\/\/www.pevasa.es\/assets\/media\/0011.jpg\"><img style=\"height : 300px; width : auto;\" alt=\"\" data-src=\"https:\/\/www.pevasa.es\/assets\/media\/0011.jpg\" class=\" lazyload\"><\/a>\n     <\/div>\n<div class=\"clasecualquiera\">\n         <a class=\"product-gallery\" href=\"https:\/\/www.pevasa.es\/assets\/media\/0012.jpg\"><img style=\"height : 300px; width : auto;\" alt=\"\" data-src=\"https:\/\/www.pevasa.es\/assets\/media\/0012.jpg\" class=\" lazyload\"><\/a>\n     <\/div>\n<div class=\"clasecualquiera\">\n         <a class=\"product-gallery\" href=\"https:\/\/www.pevasa.es\/assets\/media\/0013.jpg\"><img style=\"height : 300px; width : auto;\" alt=\"\" data-src=\"https:\/\/www.pevasa.es\/assets\/media\/0013.jpg\" class=\" lazyload\"><\/a>\n     <\/div>\n<div class=\"clasecualquiera\">\n         <a class=\"product-gallery\" href=\"https:\/\/www.pevasa.es\/assets\/media\/0014.jpg\"><img style=\"height : 300px; width : auto;\" alt=\"\" data-src=\"https:\/\/www.pevasa.es\/assets\/media\/0014.jpg\" class=\" lazyload\"><\/a>\n     <\/div>\n<div class=\"clasecualquiera\">\n         <a class=\"product-gallery\" href=\"https:\/\/www.pevasa.es\/assets\/media\/0015.jpg\"><img style=\"height : 300px; width : auto;\" alt=\"\" data-src=\"https:\/\/www.pevasa.es\/assets\/media\/0015.jpg\" class=\" lazyload\"><\/a>\n     <\/div>\n<div class=\"clasecualquiera\">\n         <a class=\"product-gallery\" href=\"https:\/\/www.pevasa.es\/assets\/media\/0042.jpg\"><img style=\"height : 300px; width : auto;\" alt=\"\" data-src=\"https:\/\/www.pevasa.es\/assets\/media\/0042.jpg\" class=\" lazyload\"><\/a>\n     <\/div>\n<div class=\"clasecualquiera\">\n         <a class=\"product-gallery\" href=\"https:\/\/www.pevasa.es\/assets\/media\/0055.jpg\"><img style=\"height : 300px; width : auto;\" alt=\"\" data-src=\"https:\/\/www.pevasa.es\/assets\/media\/0055.jpg\" class=\" lazyload\"><\/a>\n     <\/div>\n<div class=\"clasecualquiera\">\n         <a class=\"product-gallery\" href=\"https:\/\/www.pevasa.es\/assets\/media\/0055.jpg\"><img style=\"height : 300px; width : auto;\" alt=\"\" data-src=\"https:\/\/www.pevasa.es\/assets\/media\/0079.jpg\" class=\" lazyload\"><\/a>\n     <\/div>\n<div class=\"clasecualquiera\">\n         <a class=\"product-gallery\" href=\"https:\/\/www.pevasa.es\/assets\/media\/IMG-20180228-WA0033.jpg\"><img style=\"height : 300px; width : auto;\" alt=\"\" data-src=\"https:\/\/www.pevasa.es\/assets\/media\/IMG-20180228-WA0033.jpg\" class=\" lazyload\"><\/a>\n     <\/div>\n<\/div>\n<hr>\n<p>Pol\u00edgono Landabaso s\/n 48370 Bermeo <br \/>\n<a href=\"mailto:pevasa@pevasa.es\">pevasa@pevasa.es<\/a><br \/>\n<a href=\"tel:+34946880450\">(+34) 94 688 04 50<\/a><\/p>\n<\/p><\/div>\n<\/div>\n<\/div>\n<\/section>\n<div class=\"mapa-page-contacto\">\n<section class=\"cb-map__wrapper\">\n<article class=\"cb-map__canvas\">\n\t\t<span class=\"cb-map__ratio\"><\/span><\/p>\n<div id=\"cb-map-486\" class=\"cb-map\" data-zoom=\"15\" data-lat=\"43.421559\" data-lon=\"-2.734175\" data-marker-url=\"https:\/\/www.pevasa.es\/assets\/media\/pevasa-icono-mapa.png\" data-markers='[{\"lat\":\"43.421559\",\"lon\":\"-2.734175\"}]'><\/div>\n<\/article>\n<\/section>\n<\/div>\n","protected":false},"excerpt":{"rendered":"<p>Pol\u00edgono Landabaso s\/n 48370 Bermeo pevasa@pevasa.es (+34) 94 688 04 50<\/p>\n","protected":false},"author":1,"featured_media":754,"parent":0,"menu_order":0,"comment_status":"closed","ping_status":"closed","template":"templates\/page-big-hero.php","meta":{"_acf_changed":false,"footnotes":""},"class_list":["post-1246","page","type-page","status-publish","has-post-thumbnail","hentry"],"acf":[],"_links":{"self":[{"href":"https:\/\/www.pevasa.es\/en\/wp-json\/wp\/v2\/pages\/1246","targetHints":{"allow":["GET"]}}],"collection":[{"href":"https:\/\/www.pevasa.es\/en\/wp-json\/wp\/v2\/pages"}],"about":[{"href":"https:\/\/www.pevasa.es\/en\/wp-json\/wp\/v2\/types\/page"}],"author":[{"embeddable":true,"href":"https:\/\/www.pevasa.es\/en\/wp-json\/wp\/v2\/users\/1"}],"replies":[{"embeddable":true,"href":"https:\/\/www.pevasa.es\/en\/wp-json\/wp\/v2\/comments?post=1246"}],"version-history":[{"count":3,"href":"https:\/\/www.pevasa.es\/en\/wp-json\/wp\/v2\/pages\/1246\/revisions"}],"predecessor-version":[{"id":1526,"href":"https:\/\/www.pevasa.es\/en\/wp-json\/wp\/v2\/pages\/1246\/revisions\/1526"}],"wp:featuredmedia":[{"embeddable":true,"href":"https:\/\/www.pevasa.es\/en\/wp-json\/wp\/v2\/media\/754"}],"wp:attachment":[{"href":"https:\/\/www.pevasa.es\/en\/wp-json\/wp\/v2\/media?parent=1246"}],"curies":[{"name":"wp","href":"https:\/\/api.w.org\/{rel}","templated":true}]}}